{"id":279,"date":"2019-01-03T13:31:17","date_gmt":"2019-01-03T13:31:17","guid":{"rendered":"https:\/\/rebpasres.org\/?page_id=279"},"modified":"2025-05-27T13:06:29","modified_gmt":"2025-05-27T13:06:29","slug":"accueil-2","status":"publish","type":"page","link":"https:\/\/rebpasres.org\/","title":{"rendered":"Accueil"},"content":{"rendered":"\r\n<p style=\"text-align: center;\"><strong>D\u00c9POT D\u2019ARTICLES SCIENTIFIQUES EN ENVIRONNEMENT ET BIODIVERSIT\u00c9<\/strong> :\u00a0<br \/>Public cible : Doctorants, Enseignants-chercheurs, chercheurs des universit\u00e9s et centres de recherches nationaux et internationaux.\u00a0<br \/>L\u2019article propos\u00e9 doit \u00eatre envoy\u00e9 par voie \u00e9lectronique \u00e0 l\u2019adresse de la revue suivante : <strong>rebpasres.prov@gmail.com<\/strong><\/p>\r\n\r\n\r\n\r\n<figure class=\"alignleft\"><\/figure>\r\n<p>&nbsp;<\/p>\r\n<p>&nbsp;<\/p>\r\n<p><img loading=\"lazy\" class=\"wp-image-911  aligncenter\" src=\"https:\/\/rebpasres.org\/wp-content\/uploads\/2025\/05\/REB-PASRES-Vol-92-2025_Cover_page-0001-212x300.jpg\" alt=\"\" width=\"504\" height=\"713\" srcset=\"https:\/\/rebpasres.org\/wp-content\/uploads\/2025\/05\/REB-PASRES-Vol-92-2025_Cover_page-0001-212x300.jpg 212w, https:\/\/rebpasres.org\/wp-content\/uploads\/2025\/05\/REB-PASRES-Vol-92-2025_Cover_page-0001-725x1024.jpg 725w, https:\/\/rebpasres.org\/wp-content\/uploads\/2025\/05\/REB-PASRES-Vol-92-2025_Cover_page-0001-1087x1536.jpg 1087w, https:\/\/rebpasres.org\/wp-content\/uploads\/2025\/05\/REB-PASRES-Vol-92-2025_Cover_page-0001.jpg 1241w, https:\/\/rebpasres.org\/wp-content\/uploads\/2025\/05\/REB-PASRES-Vol-92-2025_Cover_page-0001-212x300@2x.jpg 424w\" sizes=\"(max-width: 504px) 100vw, 504px\" \/><\/p>\r\n","protected":false},"excerpt":{"rendered":"<p>D\u00c9POT D\u2019ARTICLES SCIENTIFIQUES EN ENVIRONNEMENT ET BIODIVERSIT\u00c9 :\u00a0Public cible : Doctorants, Enseignants-chercheurs, chercheurs des universit\u00e9s et centres de recherches nationaux et internationaux.\u00a0L\u2019article propos\u00e9 doit \u00eatre envoy\u00e9 par voie \u00e9lectronique \u00e0 l\u2019adresse de la revue suivante : rebpasres.prov@gmail.com<\/p>\n","protected":false},"author":1,"featured_media":0,"parent":0,"menu_order":0,"comment_status":"closed","ping_status":"closed","template":"","meta":{"_bbp_topic_count":0,"_bbp_reply_count":0,"_bbp_total_topic_count":0,"_bbp_total_reply_count":0,"_bbp_voice_count":0,"_bbp_anonymous_reply_count":0,"_bbp_topic_count_hidden":0,"_bbp_reply_count_hidden":0,"_bbp_forum_subforum_count":0},"blog_post_layout_featured_media_urls":{"thumbnail":"","full":""},"categories_names":null,"comments_number":"0","wpmagazine_modules_lite_featured_media_urls":{"thumbnail":"","cvmm-medium":"","cvmm-medium-plus":"","cvmm-portrait":"","cvmm-medium-square":"","cvmm-large":"","cvmm-small":"","full":""},"_links":{"self":[{"href":"https:\/\/rebpasres.org\/index.php?rest_route=\/wp\/v2\/pages\/279"}],"collection":[{"href":"https:\/\/rebpasres.org\/index.php?rest_route=\/wp\/v2\/pages"}],"about":[{"href":"https:\/\/rebpasres.org\/index.php?rest_route=\/wp\/v2\/types\/page"}],"author":[{"embeddable":true,"href":"https:\/\/rebpasres.org\/index.php?rest_route=\/wp\/v2\/users\/1"}],"replies":[{"embeddable":true,"href":"https:\/\/rebpasres.org\/index.php?rest_route=%2Fwp%2Fv2%2Fcomments&post=279"}],"version-history":[{"count":24,"href":"https:\/\/rebpasres.org\/index.php?rest_route=\/wp\/v2\/pages\/279\/revisions"}],"predecessor-version":[{"id":919,"href":"https:\/\/rebpasres.org\/index.php?rest_route=\/wp\/v2\/pages\/279\/revisions\/919"}],"wp:attachment":[{"href":"https:\/\/rebpasres.org\/index.php?rest_route=%2Fwp%2Fv2%2Fmedia&parent=279"}],"curies":[{"name":"wp","href":"https:\/\/api.w.org\/{rel}","templated":true}]}}